{"id":2,"date":"2025-11-18T23:00:04","date_gmt":"2025-11-18T22:00:04","guid":{"rendered":"https:\/\/ekipa8.startengine.si\/?page_id=2"},"modified":"2025-12-12T15:08:39","modified_gmt":"2025-12-12T14:08:39","slug":"vzorcna-stran","status":"publish","type":"page","link":"https:\/\/ekipa8.startengine.si\/?page_id=2","title":{"rendered":"Zgodovina"},"content":{"rendered":"\n<p class=\"has-text-align-left\">Ameri\u0161ko podjetje za programsko opremo 10gen je za\u010delo razvijati MongoDB leta 2007 kot del na\u010drtovanega produkta platforma kot storitev. Leta 2009 se je podjetje preusmerilo na odprtokodni model razvoja in za\u010delo ponujati komercialno podporo in druge storitve. Leta 2013 je 10gen spremenilo ime v MongoDB Inc.<\/p>\n\n\n\n<p class=\"has-text-align-left\">Dne 20. oktobra 2017 je MongoDB postalo podjetje, ki se trguje javno, in je bilo uvr\u0161\u010deno na NASDAQ pod oznako MDB z IPO ceno 24 dolarjev na delnico.<\/p>\n\n\n\n<p class=\"has-text-align-left\">Dne 8. novembra 2018 je pri stabilni izdaji 4.0.4 licenca programske opreme pre\u0161la iz AGPL 3.0 na SSPL.<\/p>\n\n\n\n<p class=\"has-text-align-left\">Dne 30. oktobra 2019 je MongoDB sklenil partnerstvo z Alibaba Cloudom in ponudil re\u0161itev MongoDB kot storitev za stranke Alibaba Clouda. Stranke lahko uporabljajo upravljano re\u0161itev iz Alibaba-ovih globalnih podatkovnih centrov.<\/p>\n\n\n\n<p><\/p>\n","protected":false},"excerpt":{"rendered":"<p>Ameri\u0161ko podjetje za programsko opremo 10gen je za\u010delo razvijati MongoDB leta 2007 kot del na\u010drtovanega produkta platforma kot storitev. Leta 2009 se je podjetje preusmerilo na odprtokodni model razvoja in za\u010delo ponujati komercialno podporo in druge storitve. Leta 2013 je 10gen spremenilo ime v MongoDB Inc. Dne 20. oktobra 2017 je MongoDB postalo podjetje, ki [&hellip;]<\/p>\n","protected":false},"author":1,"featured_media":0,"parent":0,"menu_order":0,"comment_status":"closed","ping_status":"open","template":"","meta":{"_themeisle_gutenberg_block_has_review":false,"footnotes":""},"class_list":["post-2","page","type-page","status-publish","hentry"],"_links":{"self":[{"href":"https:\/\/ekipa8.startengine.si\/index.php?rest_route=\/wp\/v2\/pages\/2","targetHints":{"allow":["GET"]}}],"collection":[{"href":"https:\/\/ekipa8.startengine.si\/index.php?rest_route=\/wp\/v2\/pages"}],"about":[{"href":"https:\/\/ekipa8.startengine.si\/index.php?rest_route=\/wp\/v2\/types\/page"}],"author":[{"embeddable":true,"href":"https:\/\/ekipa8.startengine.si\/index.php?rest_route=\/wp\/v2\/users\/1"}],"replies":[{"embeddable":true,"href":"https:\/\/ekipa8.startengine.si\/index.php?rest_route=%2Fwp%2Fv2%2Fcomments&post=2"}],"version-history":[{"count":2,"href":"https:\/\/ekipa8.startengine.si\/index.php?rest_route=\/wp\/v2\/pages\/2\/revisions"}],"predecessor-version":[{"id":13,"href":"https:\/\/ekipa8.startengine.si\/index.php?rest_route=\/wp\/v2\/pages\/2\/revisions\/13"}],"wp:attachment":[{"href":"https:\/\/ekipa8.startengine.si\/index.php?rest_route=%2Fwp%2Fv2%2Fmedia&parent=2"}],"curies":[{"name":"wp","href":"https:\/\/api.w.org\/{rel}","templated":true}]}}